{"id":335,"date":"2017-09-08T11:53:45","date_gmt":"2017-09-08T09:53:45","guid":{"rendered":"https:\/\/www.hotelhouston.it\/dove-siamo\/"},"modified":"2018-03-27T16:23:02","modified_gmt":"2018-03-27T14:23:02","slug":"dove-siamo","status":"publish","type":"page","link":"https:\/\/www.hotelhouston.it\/de\/dove-siamo\/","title":{"rendered":"Nur 30 meter vom Strand"},"content":{"rendered":"<p>Das Hotel Houston genie\u00dft eine beneidenswerte Position unter 3-Sterne-Hotels in Rimini, <strong>nur 30 m vom Strand und 3 km von der Messe entfernt.<br \/>\n<\/strong>Mit der Buslinie Nr. 4 erreichen Sie das Hotel Houston an Haltestelle Nr. 13 in Rivabella, ca. 50 m vom Hotel entfernt.<br \/>\nDer sch\u00f6ne Jacht-Hafen von Rimini liegt nur 5 Minuten mit dem Fahrrad oder 20 Minuten zu Fu\u00df entfernt.<\/p>\n<p>An Sommerabenden k\u00f6nnen Sie sich bei einem Spaziergang an der Uferpromenade von Rivabella am\u00fcsieren mit zahlreichen <a href=\"https:\/\/www.hotelhouston.it\/de\/aquapark-arenas\/\"><strong>Spiel-Attraktionen f\u00fcr Kinder<\/strong><\/a>.<br \/>\nErleben Sie <a href=\"https:\/\/www.hotelhouston.it\/de\/kultur-shopping\/\"><strong>Kunst und Geschichte in der Altstadt<\/strong><\/a>, nur 10 Minuten mit dem Bus vom Hotel erreichbar!<\/p>\n","protected":false},"excerpt":{"rendered":"<p>Das Hotel Houston genie\u00dft eine beneidenswerte Position unter 3-Sterne-Hotels in Rimini, nur 30 m vom Strand und 3 km von der Messe entfernt. Mit der Buslinie Nr. 4 erreichen Sie das Hotel Houston an Haltestelle Nr. 13 in Rivabella, ca. 50 m vom Hotel entfernt. Der sch\u00f6ne Jacht-Hafen von Rimini liegt nur 5 Minuten mit dem Fahrrad oder 20 Minuten zu Fu\u00df entfernt. An Sommerabenden k\u00f6nnen Sie sich bei einem &#8230;<\/p>\n","protected":false},"author":1,"featured_media":181,"parent":0,"menu_order":0,"comment_status":"closed","ping_status":"closed","template":"template\/template.mappa.php","meta":{"_acf_changed":false},"class_list":["post-335","page","type-page","status-publish","has-post-thumbnail","hentry"],"acf":[],"_links":{"self":[{"href":"https:\/\/www.hotelhouston.it\/de\/wp-json\/wp\/v2\/pages\/335","targetHints":{"allow":["GET"]}}],"collection":[{"href":"https:\/\/www.hotelhouston.it\/de\/wp-json\/wp\/v2\/pages"}],"about":[{"href":"https:\/\/www.hotelhouston.it\/de\/wp-json\/wp\/v2\/types\/page"}],"author":[{"embeddable":true,"href":"https:\/\/www.hotelhouston.it\/de\/wp-json\/wp\/v2\/users\/1"}],"replies":[{"embeddable":true,"href":"https:\/\/www.hotelhouston.it\/de\/wp-json\/wp\/v2\/comments?post=335"}],"version-history":[{"count":0,"href":"https:\/\/www.hotelhouston.it\/de\/wp-json\/wp\/v2\/pages\/335\/revisions"}],"wp:featuredmedia":[{"embeddable":true,"href":"https:\/\/www.hotelhouston.it\/de\/wp-json\/wp\/v2\/media\/181"}],"wp:attachment":[{"href":"https:\/\/www.hotelhouston.it\/de\/wp-json\/wp\/v2\/media?parent=335"}],"curies":[{"name":"wp","href":"https:\/\/api.w.org\/{rel}","templated":true}]}}