{"id":327,"date":"2017-12-11T10:21:29","date_gmt":"2017-12-11T09:21:29","guid":{"rendered":"https:\/\/www.hotelhouston.it\/servizi\/"},"modified":"2018-03-27T15:26:06","modified_gmt":"2018-03-27T13:26:06","slug":"dienstleistungen","status":"publish","type":"page","link":"https:\/\/www.hotelhouston.it\/de\/dienstleistungen\/","title":{"rendered":"Dienstleistungen"},"content":{"rendered":"<p style=\"text-align: center;\"><strong>Die Qualit\u00e4t der Serviceleistungen, Technologie und Professionalit\u00e4t<\/strong> stellen auch die anspruchsvollsten G\u00e4ste zufrieden.<\/p>\n<p>Die Rezeption steht zu Ihrer Verf\u00fcgung, um Informationen zu geben \u00fcber Sehensw\u00fcrdigkeiten, Veranstaltungen und Festivals, die w\u00e4hrend des ganzen Jahres stattfinden.<br \/>\nThemen-Park-Informationen an der Adria: Aquafan, Oltremare, Mirabilandia, Italien in Miniatur, Aquarium von Cattolica, Fiabilandia&#8230;<\/p>\n<h2>F\u00fcr Sie:<\/h2>\n<ul>\n<li>Parkpl\u00e4tze direkt am Hotel je nach Verf\u00fcgbarkeit<\/li>\n<li>Lift<\/li>\n<li>Klimatisierte Zimmer und Aufenthalts-R\u00e4ume<\/li>\n<li>American Bar<\/li>\n<li>\u00dcberdachte Terrasse und Garten<\/li>\n<li>Kinder-Spielplatz im Schatten der Pergola mit H\u00e4uschen, Schaukelstuhl, und SpielTischen sowie Kinderb\u00fcchern<\/li>\n<li>Kleine Bibliothek<\/li>\n<li>Fax-Service<\/li>\n<li>Esszimmer mit Kamin<\/li>\n<li>Kostenlose Nutzung von Fahrr\u00e4dern<\/li>\n<li>Hochst\u00fchle im Restaurant<\/li>\n<li>Internet-Anschlu\u00df W-LAN 100 MB<\/li>\n<li><a href=\"https:\/\/www.hotelhouston.it\/de\/lunch-in-strand\/\"><strong>Mittagessen am Strand<\/strong><\/a><\/li>\n<\/ul>\n","protected":false},"excerpt":{"rendered":"<p>Die Qualit\u00e4t der Serviceleistungen, Technologie und Professionalit\u00e4t stellen auch die anspruchsvollsten G\u00e4ste zufrieden. Die Rezeption steht zu Ihrer Verf\u00fcgung, um Informationen zu geben \u00fcber Sehensw\u00fcrdigkeiten, Veranstaltungen und Festivals, die w\u00e4hrend des ganzen Jahres stattfinden. Themen-Park-Informationen an der Adria: Aquafan, Oltremare, Mirabilandia, Italien in Miniatur, Aquarium von Cattolica, Fiabilandia&#8230; F\u00fcr Sie: Parkpl\u00e4tze direkt am Hotel je nach Verf\u00fcgbarkeit Lift Klimatisierte Zimmer und Aufenthalts-R\u00e4ume American Bar \u00dcberdachte Terrasse und Garten Kinder-Spielplatz im &#8230;<\/p>\n","protected":false},"author":1,"featured_media":274,"parent":0,"menu_order":0,"comment_status":"closed","ping_status":"closed","template":"","meta":{"_acf_changed":false},"class_list":["post-327","page","type-page","status-publish","has-post-thumbnail","hentry"],"acf":[],"_links":{"self":[{"href":"https:\/\/www.hotelhouston.it\/de\/wp-json\/wp\/v2\/pages\/327","targetHints":{"allow":["GET"]}}],"collection":[{"href":"https:\/\/www.hotelhouston.it\/de\/wp-json\/wp\/v2\/pages"}],"about":[{"href":"https:\/\/www.hotelhouston.it\/de\/wp-json\/wp\/v2\/types\/page"}],"author":[{"embeddable":true,"href":"https:\/\/www.hotelhouston.it\/de\/wp-json\/wp\/v2\/users\/1"}],"replies":[{"embeddable":true,"href":"https:\/\/www.hotelhouston.it\/de\/wp-json\/wp\/v2\/comments?post=327"}],"version-history":[{"count":0,"href":"https:\/\/www.hotelhouston.it\/de\/wp-json\/wp\/v2\/pages\/327\/revisions"}],"wp:featuredmedia":[{"embeddable":true,"href":"https:\/\/www.hotelhouston.it\/de\/wp-json\/wp\/v2\/media\/274"}],"wp:attachment":[{"href":"https:\/\/www.hotelhouston.it\/de\/wp-json\/wp\/v2\/media?parent=327"}],"curies":[{"name":"wp","href":"https:\/\/api.w.org\/{rel}","templated":true}]}}