{"id":321,"date":"2017-12-11T10:24:22","date_gmt":"2017-12-11T09:24:22","guid":{"rendered":"https:\/\/www.hotelhouston.it\/aquapark-arenas\/"},"modified":"2018-04-12T08:58:12","modified_gmt":"2018-04-12T06:58:12","slug":"aquapark-arenas","status":"publish","type":"page","link":"https:\/\/www.hotelhouston.it\/de\/aquapark-arenas\/","title":{"rendered":"Erm\u00e4ssigte eintritte zum aquapark arenas"},"content":{"rendered":"<p style=\"text-align: center;\">Frage direkt an der Rezeption: Mauro und Gianluca stehen zu deiner Verf\u00fcgung, um dir alle Informationen zu geben.<br \/>\nDas <strong>Aquapark Arenas<\/strong> liegt direkt am Strand und <strong>ist nur 30 Meter<\/strong> vom Houston Hotel entfernt.<br \/>\nHier findest du <strong>gro\u00dfe und kleine Rutschen, Schwimmb\u00e4der, Unterhaltung und Spiele<\/strong> f\u00fcr Kinder.<\/p>\n<p style=\"text-align: center;\">F\u00fcr Mama und Papa gibt es viel Entspannung in den Solarium-bereichen mit <strong>Sonnenliegen und Sonnenschirmen<\/strong>, w\u00e4hrend sich die Kinder in totaler Sicherheit vergn\u00fcgen.<\/p>\n","protected":false},"excerpt":{"rendered":"<p>Frage direkt an der Rezeption: Mauro und Gianluca stehen zu deiner Verf\u00fcgung, um dir alle Informationen zu geben. Das Aquapark Arenas liegt direkt am Strand und ist nur 30 Meter vom Houston Hotel entfernt. Hier findest du gro\u00dfe und kleine Rutschen, Schwimmb\u00e4der, Unterhaltung und Spiele f\u00fcr Kinder. F\u00fcr Mama und Papa gibt es viel Entspannung in den Solarium-bereichen mit Sonnenliegen und Sonnenschirmen, w\u00e4hrend sich die Kinder in totaler Sicherheit vergn\u00fcgen.<\/p>\n","protected":false},"author":1,"featured_media":0,"parent":0,"menu_order":0,"comment_status":"closed","ping_status":"closed","template":"","meta":{"_acf_changed":false},"class_list":["post-321","page","type-page","status-publish","hentry"],"acf":[],"_links":{"self":[{"href":"https:\/\/www.hotelhouston.it\/de\/wp-json\/wp\/v2\/pages\/321","targetHints":{"allow":["GET"]}}],"collection":[{"href":"https:\/\/www.hotelhouston.it\/de\/wp-json\/wp\/v2\/pages"}],"about":[{"href":"https:\/\/www.hotelhouston.it\/de\/wp-json\/wp\/v2\/types\/page"}],"author":[{"embeddable":true,"href":"https:\/\/www.hotelhouston.it\/de\/wp-json\/wp\/v2\/users\/1"}],"replies":[{"embeddable":true,"href":"https:\/\/www.hotelhouston.it\/de\/wp-json\/wp\/v2\/comments?post=321"}],"version-history":[{"count":0,"href":"https:\/\/www.hotelhouston.it\/de\/wp-json\/wp\/v2\/pages\/321\/revisions"}],"wp:attachment":[{"href":"https:\/\/www.hotelhouston.it\/de\/wp-json\/wp\/v2\/media?parent=321"}],"curies":[{"name":"wp","href":"https:\/\/api.w.org\/{rel}","templated":true}]}}