{"id":318,"date":"2017-12-11T10:22:02","date_gmt":"2017-12-11T09:22:02","guid":{"rendered":"https:\/\/www.hotelhouston.it\/fiere\/"},"modified":"2018-02-13T15:23:07","modified_gmt":"2018-02-13T14:23:07","slug":"messe","status":"publish","type":"page","link":"https:\/\/www.hotelhouston.it\/de\/messe\/","title":{"rendered":"Messe und Ausstellungen"},"content":{"rendered":"<p style=\"text-align: center;\">Deshalb hei\u00dfen wir auch Gesch\u00e4ftsleute willkommen, die Rimini besuchen anl\u00e4\u00dflich von Messen und Ausstellungen.<\/p>\n<p>Das Hotel Houston befindet sich nur 3 Km vom Messegel\u00e4nde enfernt, bequem erreichbar mit dem eigenen Auto, aber auch leicht zug\u00e4nglich mit \u00f6ffentlichen Verkehrsmittel (BUS).<br \/>\nDie Haltestelle des <strong>Bus-Shuttles zur Messe ist 30 m vom Hotel<\/strong> enfernt.<\/p>\n<p>Nicht nur im Fr\u00fchjahr und Sommer k\u00f6nnen Sie im Hotel Houston bei den verschiedenen Messe-Veranstaltungen \u00fcbernachten.<\/p>\n<p>Sehr gerne begr\u00fc\u00dfen wir Sie mit unserem reichhaltigen und herzhaften Fr\u00fchst\u00fcckbuffet auch w\u00e4hrend der Herbst und Winter-Monate. Lassen Sie den Abend bei uns am Kamin ausklingen!<br \/>\nAu\u00dferhalb der Sommer-Saison von Mai bis September ist unsere K\u00fcche geschlossen, aber wir haben zahlreiche Kooperations-Vereinbarungen mit einigen der beliebtesten Restaurants in der Umgebung: &#8216;La Posada&#8217;, &#8216;da Wally&#8217;, &#8216;I cavalieri spiaggia&#8217; bieten Mittag-und Abendessen zu guten Preisen.<\/p>\n","protected":false},"excerpt":{"rendered":"<p>Deshalb hei\u00dfen wir auch Gesch\u00e4ftsleute willkommen, die Rimini besuchen anl\u00e4\u00dflich von Messen und Ausstellungen. Das Hotel Houston befindet sich nur 3 Km vom Messegel\u00e4nde enfernt, bequem erreichbar mit dem eigenen Auto, aber auch leicht zug\u00e4nglich mit \u00f6ffentlichen Verkehrsmittel (BUS). Die Haltestelle des Bus-Shuttles zur Messe ist 30 m vom Hotel enfernt. Nicht nur im Fr\u00fchjahr und Sommer k\u00f6nnen Sie im Hotel Houston bei den verschiedenen Messe-Veranstaltungen \u00fcbernachten. Sehr gerne begr\u00fc\u00dfen &#8230;<\/p>\n","protected":false},"author":1,"featured_media":260,"parent":0,"menu_order":0,"comment_status":"closed","ping_status":"closed","template":"","meta":{"_acf_changed":false},"class_list":["post-318","page","type-page","status-publish","has-post-thumbnail","hentry"],"acf":[],"_links":{"self":[{"href":"https:\/\/www.hotelhouston.it\/de\/wp-json\/wp\/v2\/pages\/318","targetHints":{"allow":["GET"]}}],"collection":[{"href":"https:\/\/www.hotelhouston.it\/de\/wp-json\/wp\/v2\/pages"}],"about":[{"href":"https:\/\/www.hotelhouston.it\/de\/wp-json\/wp\/v2\/types\/page"}],"author":[{"embeddable":true,"href":"https:\/\/www.hotelhouston.it\/de\/wp-json\/wp\/v2\/users\/1"}],"replies":[{"embeddable":true,"href":"https:\/\/www.hotelhouston.it\/de\/wp-json\/wp\/v2\/comments?post=318"}],"version-history":[{"count":0,"href":"https:\/\/www.hotelhouston.it\/de\/wp-json\/wp\/v2\/pages\/318\/revisions"}],"wp:featuredmedia":[{"embeddable":true,"href":"https:\/\/www.hotelhouston.it\/de\/wp-json\/wp\/v2\/media\/260"}],"wp:attachment":[{"href":"https:\/\/www.hotelhouston.it\/de\/wp-json\/wp\/v2\/media?parent=318"}],"curies":[{"name":"wp","href":"https:\/\/api.w.org\/{rel}","templated":true}]}}