{"id":315,"date":"2017-12-11T10:25:49","date_gmt":"2017-12-11T09:25:49","guid":{"rendered":"https:\/\/www.hotelhouston.it\/cultura-shopping\/"},"modified":"2018-09-21T12:06:06","modified_gmt":"2018-09-21T10:06:06","slug":"kultur-shopping","status":"publish","type":"page","link":"https:\/\/www.hotelhouston.it\/de\/kultur-shopping\/","title":{"rendered":"Kunst und Geschichte"},"content":{"rendered":"<p style=\"text-align: center;\">Erleben Sie Kunst und Geschichte in der Altstadt, nur <strong>5 Minuten<\/strong> mit dem Bus vom Hotel erreichbar!<\/p>\n<ul>\n<li><strong>Die r\u00f6mische Ausgrabungs-St\u00e4tte \u201eHaus des Chirurgen\u201c<\/strong>, vor kurzem restauriert und f\u00fcr die \u00d6ffentlichkeit zug\u00e4nglich gemacht.<\/li>\n<li><strong>Das Stadtmuseum.<\/strong><\/li>\n<li><strong>Die Tiberius-Br\u00fccke<\/strong> und der <strong>Triumphbogen des Kaisers Augustus.<\/strong><\/li>\n<li><strong>Der Malatesta Tempel <\/strong>(Kathedrale von Rimini) und die<strong> Burg Malatesta.<\/strong><\/li>\n<li><strong>R\u00f6misches Amphitheater.<\/strong><\/li>\n<li>Auf dem Friedhof, 15 Gehminuten vom Hotel Houston, k\u00f6nnen Sie das gemeinsame Grab von <strong>Federico Fellini<\/strong> und seiner Frau Giulietta Masina besuchen.<\/li>\n<\/ul>\n<p>AUSFL\u00dcGE IN DIE N\u00c4HERE UMGEBUNG.\u00a0Mit dem eigenen Auto oder buchbar als Bus-Ausflug bietet das nahe Hinterland viele Ausflugs-M\u00f6glichkeiten:<\/p>\n<ul>\n<li><strong>San Marino<\/strong>, die \u00e4lteste Republik der Welt.<\/li>\n<li><strong>Urbino<\/strong>, eine Stadt reich an Geschichte, der Geburtsort des Malers Raffael, und UNESCO- Weltkulturerbe seit 1998.<\/li>\n<li><strong>Das Kastell von Gradara<\/strong>, dem Schauplatz des Dramas von Paolo und Francesca da Rimini.<\/li>\n<li><strong>San Leo<\/strong>, in dessen Gef\u00e4ngnis der Alchimist und esoterische Graf Alessandro Cagliostro lange Zeit einsa\u00df und verstarb.<\/li>\n<li>Noch viele andere sch\u00f6ne und faszinierende Orte kann man besuchen : <strong>Montebello, Santarcangelo, Verucchio, Montefiore<\/strong> \u2026<\/li>\n<\/ul>\n","protected":false},"excerpt":{"rendered":"<p>Erleben Sie Kunst und Geschichte in der Altstadt, nur 5 Minuten mit dem Bus vom Hotel erreichbar! Die r\u00f6mische Ausgrabungs-St\u00e4tte \u201eHaus des Chirurgen\u201c, vor kurzem restauriert und f\u00fcr die \u00d6ffentlichkeit zug\u00e4nglich gemacht. Das Stadtmuseum. Die Tiberius-Br\u00fccke und der Triumphbogen des Kaisers Augustus. Der Malatesta Tempel (Kathedrale von Rimini) und die Burg Malatesta. R\u00f6misches Amphitheater. Auf dem Friedhof, 15 Gehminuten vom Hotel Houston, k\u00f6nnen Sie das gemeinsame Grab von Federico Fellini &#8230;<\/p>\n","protected":false},"author":1,"featured_media":0,"parent":0,"menu_order":0,"comment_status":"closed","ping_status":"closed","template":"","meta":{"_acf_changed":false},"class_list":["post-315","page","type-page","status-publish","hentry"],"acf":[],"_links":{"self":[{"href":"https:\/\/www.hotelhouston.it\/de\/wp-json\/wp\/v2\/pages\/315","targetHints":{"allow":["GET"]}}],"collection":[{"href":"https:\/\/www.hotelhouston.it\/de\/wp-json\/wp\/v2\/pages"}],"about":[{"href":"https:\/\/www.hotelhouston.it\/de\/wp-json\/wp\/v2\/types\/page"}],"author":[{"embeddable":true,"href":"https:\/\/www.hotelhouston.it\/de\/wp-json\/wp\/v2\/users\/1"}],"replies":[{"embeddable":true,"href":"https:\/\/www.hotelhouston.it\/de\/wp-json\/wp\/v2\/comments?post=315"}],"version-history":[{"count":0,"href":"https:\/\/www.hotelhouston.it\/de\/wp-json\/wp\/v2\/pages\/315\/revisions"}],"wp:attachment":[{"href":"https:\/\/www.hotelhouston.it\/de\/wp-json\/wp\/v2\/media?parent=315"}],"curies":[{"name":"wp","href":"https:\/\/api.w.org\/{rel}","templated":true}]}}