{"id":313,"date":"2017-12-13T09:56:33","date_gmt":"2017-12-13T08:56:33","guid":{"rendered":"https:\/\/www.hotelhouston.it\/la-tua-casa-al-mare\/"},"modified":"2018-03-27T15:04:41","modified_gmt":"2018-03-27T13:04:41","slug":"dein-zuhause-am-meer","status":"publish","type":"page","link":"https:\/\/www.hotelhouston.it\/de\/dein-zuhause-am-meer\/","title":{"rendered":"Houston, ein namex mit der faszination des weltraums"},"content":{"rendered":"<p>&#8230; der den Ausdruck \u201eHouston, wir haben ein Problem\u201c klar skandiert, in der ber\u00fchmten Szene des Films <strong>Apollo 13 vom 1995<\/strong> der von Ron Howard gef\u00fchrt wurde. Ein ikonisches Wort, was an ein wichtiges St\u00fcck Geschichte erinnert, eine wichtige Eroberung die das Konzept des Fortschritts revolutioniert hat: <strong>Ein Mann ist auf dem Mond gelandet<\/strong>.<\/p>\n<p>Es war das Jahr <strong>1968 als Maria und Rocco Ragone<\/strong> sich entschlossen, dieses Hotel in dem selben Ort zu bauen wo ihr kleines Lebensmittelgesch\u00e4ft lag.<br \/>\nIn diesen Jahren voller Ferment, h\u00f6rte man t\u00e4glich \u00fcber das Apollo-Projekt, der Nasa und der Raumstation von Houston.<\/p>\n<p>H\u00e4ufige Nachrichten und Informationen der Tagesschau beeindruckten Kinder und Erwachsene, die den amerikanischen Kontinent, den Mond und die Zukunft n\u00e4her sp\u00fcrten. Genau deswegen wollte <strong>Rocco<\/strong> die Gelegenheit ausn\u00fctzen, dass der Namen seines Hotels von Allen sofort erkennbar war, und suchte deswegen <strong>den Namen &#8220;Houston&#8221; aus<\/strong>.<\/p>\n<p>Nach einem Jahr voller Arbeiten und Opfer, <strong>am Abend vom 20. Juli 1969<\/strong>, und zwar genau als der Astronaut Neil Armstrong den Ersten Schritt auf dem Mond gemacht hat, begann die Geschichte des Hotels. Es war eine sehr emotionale Nacht in der alle feierten.<\/p>\n<p>Die ganze Welt jubelte f\u00fcr diesen grunds\u00e4tzlichen technologischen und wissenschaftlichen Vorschritt. Die ganze Welt jubelte f\u00fcr diesen grunds\u00e4tzlichen technologischen und wissenschaftlichen Vorschritt. Inzwischen, in <strong>Rivabella sto\u00df man auf die Zukunft eines kleinen neuen Hotels<\/strong>, welches heute noch auf das Wunder der Gastfreundschaft und auf die Echtheit eines <strong>Familienbetriebes<\/strong> was immer bereit ist nach vorne zu schauen glaubt.<\/p>\n","protected":false},"excerpt":{"rendered":"<p>&#8230; der den Ausdruck \u201eHouston, wir haben ein Problem\u201c klar skandiert, in der ber\u00fchmten Szene des Films Apollo 13 vom 1995 der von Ron Howard gef\u00fchrt wurde. Ein ikonisches Wort, was an ein wichtiges St\u00fcck Geschichte erinnert, eine wichtige Eroberung die das Konzept des Fortschritts revolutioniert hat: Ein Mann ist auf dem Mond gelandet. Es war das Jahr 1968 als Maria und Rocco Ragone sich entschlossen, dieses Hotel in dem &#8230;<\/p>\n","protected":false},"author":1,"featured_media":262,"parent":0,"menu_order":0,"comment_status":"closed","ping_status":"closed","template":"","meta":{"_acf_changed":false},"class_list":["post-313","page","type-page","status-publish","has-post-thumbnail","hentry"],"acf":[],"_links":{"self":[{"href":"https:\/\/www.hotelhouston.it\/de\/wp-json\/wp\/v2\/pages\/313","targetHints":{"allow":["GET"]}}],"collection":[{"href":"https:\/\/www.hotelhouston.it\/de\/wp-json\/wp\/v2\/pages"}],"about":[{"href":"https:\/\/www.hotelhouston.it\/de\/wp-json\/wp\/v2\/types\/page"}],"author":[{"embeddable":true,"href":"https:\/\/www.hotelhouston.it\/de\/wp-json\/wp\/v2\/users\/1"}],"replies":[{"embeddable":true,"href":"https:\/\/www.hotelhouston.it\/de\/wp-json\/wp\/v2\/comments?post=313"}],"version-history":[{"count":0,"href":"https:\/\/www.hotelhouston.it\/de\/wp-json\/wp\/v2\/pages\/313\/revisions"}],"wp:featuredmedia":[{"embeddable":true,"href":"https:\/\/www.hotelhouston.it\/de\/wp-json\/wp\/v2\/media\/262"}],"wp:attachment":[{"href":"https:\/\/www.hotelhouston.it\/de\/wp-json\/wp\/v2\/media?parent=313"}],"curies":[{"name":"wp","href":"https:\/\/api.w.org\/{rel}","templated":true}]}}