{"id":311,"date":"2017-12-14T09:34:01","date_gmt":"2017-12-14T08:34:01","guid":{"rendered":"https:\/\/www.hotelhouston.it\/pranzo-in-spiaggia\/"},"modified":"2024-06-25T10:42:20","modified_gmt":"2024-06-25T08:42:20","slug":"lunch-in-strand","status":"publish","type":"page","link":"https:\/\/www.hotelhouston.it\/de\/lunch-in-strand\/","title":{"rendered":"Am mittagessen, orts\u00fcbliche k\u00fcche, wo sie wollen!"},"content":{"rendered":"<p><strong>Das Hotel Houston hat mit den besten Restaurants in der Gegend Konventionen f\u00fcr Lieferungen<\/strong> im Hotel oder <strong>direkt am Strand unter dem Schirm abgeschlossen<\/strong>. Es ist Mittag, du liegst gem\u00fctlich in der Sonne, der Hunger f\u00e4ngt langsam an sich sp\u00fcren zu lassen aber du willst den Zauber der Entspannung nicht unterbrechen: <strong>Gibt\u00b4s etwas bequemeres als dein Lieblingsrestaurant anzurufen und dein Gericht auszuw\u00e4hle<\/strong>n und es direkt dir liefern zu lassen?<\/p>\n<p>Das Hotel Houston in Rivabella in Rimini erfreut sich dir <strong>diese exklusive M\u00f6glichkeit anzubieten<\/strong>, in Partnerschaft mit den renommiertesten Restaurants in der Umgebung!<\/p>\n<p>Die Pizzeria <strong>&#8220;E Magna&#8221;<\/strong>, die sich dank ein ausgezeichnetes <strong>Preis-Leistungs-Verh\u00e4ltnis<\/strong> und f\u00fcr viele typische Schmackhaftigkeit des Gebietes zwischen Fleisch- und Fischrezepte auszeichnet, ist von allen G\u00e4sten des Hotels Houston hei\u00dfgeliebt. Eine Vorspeise (Lasagne oder gebackene Pasta), eine Hauptspeise aus Fleisch oder Fisch oder eine Beilage (Gem\u00fcse, Salat oder Pommes Frites?): <strong>Die Speisekarte ist wirklich voller Gerichte<\/strong>. Selbstverst\u00e4ndlich gibt es auch leckere Pizzas, jetzt auch mit Dinkel- oder Vollkorn-Teig.<\/p>\n<p>Das Hotel Houston ist nicht nur ein Bed &amp; Breakfast: Es bietet Mittagessen, Abendessen oder Snacks direkt im Zimmern an, wann immer du willst, damit du die maximale Freiheit bez\u00fcglich Wahl, Uhrzeit und Ausgabe w\u00e4hrend deinem Urlaub am Meer genie\u00dfen kannst.<\/p>\n<p><strong>Gerichte und Getr\u00e4nke kommen direkt bis zu dir, auch wenn du am Strand liegst<\/strong>. \u00dcbrigens, was ist ein Urlaub in der Romagna,<strong> wenn es kein besonderer Moment mit guter K\u00fcche<\/strong>, L\u00e4cheln und Gelassenheit w\u00e4re?<\/p>\n<p><a class=\"button-primary\" href=\"https:\/\/www.hotelhouston.it\/wp-content\/uploads\/2024\/06\/mappa-ristoranti-2024_deu.pdf\" target=\"_blank\" rel=\"noopener noreferrer\">Lade dir die Karte der konventionierten Restaurants im PDF-Format herunter<\/a><\/p>\n","protected":false},"excerpt":{"rendered":"<p>Das Hotel Houston hat mit den besten Restaurants in der Gegend Konventionen f\u00fcr Lieferungen im Hotel oder direkt am Strand unter dem Schirm abgeschlossen. Es ist Mittag, du liegst gem\u00fctlich in der Sonne, der Hunger f\u00e4ngt langsam an sich sp\u00fcren zu lassen aber du willst den Zauber der Entspannung nicht unterbrechen: Gibt\u00b4s etwas bequemeres als dein Lieblingsrestaurant anzurufen und dein Gericht auszuw\u00e4hlen und es direkt dir liefern zu lassen? Das &#8230;<\/p>\n","protected":false},"author":1,"featured_media":201,"parent":0,"menu_order":0,"comment_status":"closed","ping_status":"closed","template":"template\/template.ristoranti.php","meta":{"_acf_changed":false},"class_list":["post-311","page","type-page","status-publish","has-post-thumbnail","hentry"],"acf":[],"_links":{"self":[{"href":"https:\/\/www.hotelhouston.it\/de\/wp-json\/wp\/v2\/pages\/311","targetHints":{"allow":["GET"]}}],"collection":[{"href":"https:\/\/www.hotelhouston.it\/de\/wp-json\/wp\/v2\/pages"}],"about":[{"href":"https:\/\/www.hotelhouston.it\/de\/wp-json\/wp\/v2\/types\/page"}],"author":[{"embeddable":true,"href":"https:\/\/www.hotelhouston.it\/de\/wp-json\/wp\/v2\/users\/1"}],"replies":[{"embeddable":true,"href":"https:\/\/www.hotelhouston.it\/de\/wp-json\/wp\/v2\/comments?post=311"}],"version-history":[{"count":0,"href":"https:\/\/www.hotelhouston.it\/de\/wp-json\/wp\/v2\/pages\/311\/revisions"}],"wp:featuredmedia":[{"embeddable":true,"href":"https:\/\/www.hotelhouston.it\/de\/wp-json\/wp\/v2\/media\/201"}],"wp:attachment":[{"href":"https:\/\/www.hotelhouston.it\/de\/wp-json\/wp\/v2\/media?parent=311"}],"curies":[{"name":"wp","href":"https:\/\/api.w.org\/{rel}","templated":true}]}}