{"id":255,"date":"2017-12-11T10:19:45","date_gmt":"2017-12-11T09:19:45","guid":{"rendered":"https:\/\/www.hotelhouston.it\/prima-colazione\/"},"modified":"2025-07-16T19:27:22","modified_gmt":"2025-07-16T17:27:22","slug":"fruehstueck","status":"publish","type":"page","link":"https:\/\/www.hotelhouston.it\/de\/fruehstueck\/","title":{"rendered":"Fr\u00fchst\u00fcck: die Wohlgeschm\u00e4cker und die Qualit\u00e4t"},"content":{"rendered":"<p>Jeden Morgen, nach einer erholsamer Nacht, k\u00f6nnen Sie ein reichhaltiges Fr\u00fchst\u00fcck bis 10:30 Uhr auskosten:<br \/>\ndie hausgemachte<strong> Maria\u2019s Kuchen<\/strong> und <strong>Muffins,<\/strong> <strong>Croissants<\/strong>. Tolle ofenfrische Brotauswahl, dazu Butter, Marmelladen, Honig. <strong>Pancake<\/strong> und R\u00fchrei. Aufschnitt: <strong>Wurst, Schinken<\/strong>, heisser Bacon, K\u00e4se.<br \/>\nSelbstverst\u00e4ndlich auch Gesundes: <strong>Joghurt, M\u00fcsli und Cornflakes<\/strong>, Rohkost und frisches <strong>Obst<\/strong>, nach Saison.<\/p>\n<p>Und nat\u00fcrlich zum Trinken Kaffee, Capuccino, Espresso und Hei\u00dfe Schokolade frisch zubereitet. Auch Tee in gro\u00dfer Auswahl.<\/p>\n<p>Auf Wunsch auch <strong>Glutenfrei<\/strong> hausgemachte Kuchen.<\/p>\n<h3>Und zu Mittag und Abend essen? Keine Sorgen:<\/h3>\n<p>als Gast im Hotel Houston profitieren Sie von einer ganz besonders leckeren Liason: das Houston mit seinen PARTNER RESTAURANTS. Mit Houston\u2019s Erm\u00e4\u00dfigungscard erhalten Sie 10% auf alle Speisen. Also: einfach los und genie\u00dfen! Oder bestellen Sie einen Strand -Box zu einer der Imbissstube von uns empfehlen !<\/p>\n<p>&nbsp;<\/p>\n","protected":false},"excerpt":{"rendered":"<p>Jeden Morgen, nach einer erholsamer Nacht, k\u00f6nnen Sie ein reichhaltiges Fr\u00fchst\u00fcck bis 10:30 Uhr auskosten: die hausgemachte Maria\u2019s Kuchen und Muffins, Croissants. Tolle ofenfrische Brotauswahl, dazu Butter, Marmelladen, Honig. Pancake und R\u00fchrei. Aufschnitt: Wurst, Schinken, heisser Bacon, K\u00e4se. Selbstverst\u00e4ndlich auch Gesundes: Joghurt, M\u00fcsli und Cornflakes, Rohkost und frisches Obst, nach Saison. Und nat\u00fcrlich zum Trinken Kaffee, Capuccino, Espresso und Hei\u00dfe Schokolade frisch zubereitet. Auch Tee in gro\u00dfer Auswahl. Auf Wunsch &#8230;<\/p>\n","protected":false},"author":1,"featured_media":287,"parent":0,"menu_order":0,"comment_status":"closed","ping_status":"closed","template":"","meta":{"_acf_changed":false},"class_list":["post-255","page","type-page","status-publish","has-post-thumbnail","hentry"],"acf":[],"_links":{"self":[{"href":"https:\/\/www.hotelhouston.it\/de\/wp-json\/wp\/v2\/pages\/255","targetHints":{"allow":["GET"]}}],"collection":[{"href":"https:\/\/www.hotelhouston.it\/de\/wp-json\/wp\/v2\/pages"}],"about":[{"href":"https:\/\/www.hotelhouston.it\/de\/wp-json\/wp\/v2\/types\/page"}],"author":[{"embeddable":true,"href":"https:\/\/www.hotelhouston.it\/de\/wp-json\/wp\/v2\/users\/1"}],"replies":[{"embeddable":true,"href":"https:\/\/www.hotelhouston.it\/de\/wp-json\/wp\/v2\/comments?post=255"}],"version-history":[{"count":0,"href":"https:\/\/www.hotelhouston.it\/de\/wp-json\/wp\/v2\/pages\/255\/revisions"}],"wp:featuredmedia":[{"embeddable":true,"href":"https:\/\/www.hotelhouston.it\/de\/wp-json\/wp\/v2\/media\/287"}],"wp:attachment":[{"href":"https:\/\/www.hotelhouston.it\/de\/wp-json\/wp\/v2\/media?parent=255"}],"curies":[{"name":"wp","href":"https:\/\/api.w.org\/{rel}","templated":true}]}}